{"id":15,"date":"2021-05-07T20:52:55","date_gmt":"2021-05-07T18:52:55","guid":{"rendered":"http:\/\/www.schoene-aussicht.org\/?page_id=15"},"modified":"2021-07-01T11:17:13","modified_gmt":"2021-07-01T09:17:13","slug":"arbeitstreffen","status":"publish","type":"page","link":"https:\/\/www.schoene-aussicht.org\/2021\/arbeitstreffen\/","title":{"rendered":"Arbeitstreffen"},"content":{"rendered":"","protected":false},"excerpt":{"rendered":"","protected":false},"author":1,"featured_media":0,"parent":0,"menu_order":0,"comment_status":"closed","ping_status":"closed","template":"","meta":[],"grid":"{\r\n  \"colCount\": 12,\r\n  \"colGutter\": 1,\r\n  \"rowGutters\": [],\r\n  \"frameMargin\": 5,\r\n  \"topFrameMargin\": 0,\r\n  \"bottomFrameMargin\": 0,\r\n  \"rowAttrs\": [\r\n    {}\r\n  ],\r\n  \"bgColor\": \"#fdf39a\",\r\n  \"cont\": [\r\n    {\r\n      \"type\": \"stack\",\r\n      \"cont\": [\r\n        {\r\n          \"type\": \"text\",\r\n          \"cont\": \"<h2 class=\\\"_Headline\\\"><strong><span style=\\\"font-size: 34px;\\\">Sch\u00f6ne Aussicht als Arbeitstreffen<\/span><\/strong><\/h2>\",\r\n          \"align\": \"top\",\r\n          \"row\": -1,\r\n          \"col\": 0,\r\n          \"colspan\": 6,\r\n          \"offsetx\": 0,\r\n          \"offsety\": 0,\r\n          \"spaceabove\": 2.5,\r\n          \"spacebelow\": 2.5,\r\n          \"yvel\": 1,\r\n          \"push\": 0,\r\n          \"relid\": 4\r\n        },\r\n        {\r\n          \"type\": \"text\",\r\n          \"cont\": \"<p>Sch\u00f6ne Aussicht ist nicht nur ein Festival, sondern auch ein Arbeitstreffen. Seit den 80er Jahren treffen sich die Kinder- und Jugendtheaterschaffenden der Region jedes Jahr, um neue Impulse zu erarbeiten, \u00fcber Entwicklungen ihrer Sparte zu diskutieren und in Workshops neue Arbeitsweisen auszuprobieren.<\/p><p>F\u00fcr die 2020 urspr\u00fcnglich geplante Ausgabe hatten die beiden Kurator*innen des Arbeitstreffens, Petra Fischer (freie Dramaturgin und Theaterp\u00e4dagogin) und Gerd Ritter (Schauspieler am JES) acht Inszenierungen ausgew\u00e4hlt, die w\u00e4hrend des Festivals pr\u00e4sentiert und in Arbeitsgespr\u00e4chen diskutiert werden sollten.<br \/>Nachdem aber das vergangene Jahr nicht nur von leeren S\u00e4len und einer gro\u00dfen Sehnsucht nach analoger Theaterkunst gepr\u00e4gt war, sondern auch von\u00a0 Versuchen der Theater, ob und wie der digitale Raum eine m\u00f6gliche Alternative ist, um Kindern und Jugendlichen kulturelle Teilhabe zu erm\u00f6glichen, haben wir uns entschieden, uns mit den Versuchen in diesem Feld auseinander zu setzen. Dazu geh\u00f6rt die gemeinsame Streaming-Plattform <span style=\\\"text-decoration: underline;\\\"><a rel=\\\"noopener\\\" href=\\\"http:\/\/theater-stream.de\\\" target=\\\"_blank\\\">theater-stream.de<\/a><\/span> mit abgefilmten Inszenierungen und eigens gedrehten Theaterfilmen ebenso wie interaktive Performances und digitale Spielclubs und Workshops.<\/p><p>\u00dcber die dabei gesammelten Erfahrungen werden sich die Ensembles aus dem Arbeitskreis der Kinder- und Jugendtheater Baden-W\u00fcrttemberg intern und intensiv austauschen. Auf den Reisebericht unserer Kurator*innen m\u00f6chten wir dennoch nicht verzichten, weil er allgemeing\u00fcltig ist. Mehr noch: Aus der Lockdown-Perspektive ist er eine Erinnerung an vergangene und eine Verhei\u00dfung auf kommende Theatererlebnisse inmitten voll besetzter Zuschauerr\u00e4ume. Ihr k\u00f6nnt ihn euch <a rel=\\\"noopener\\\" href=\\\"https:\/\/www.schoene-aussicht.org\/2021\/wp-content\/uploads\/2021\/05\/KuratorInnen-Reiseerlebnisse-2020.pdf\\\" target=\\\"_blank\\\"><span style=\\\"text-decoration: underline;\\\">hier<\/span> <\/a>herunterladen.\u00a0<\/p>\",\r\n          \"align\": \"middle\",\r\n          \"row\": -1,\r\n          \"col\": 0,\r\n          \"colspan\": 8,\r\n          \"offsetx\": 0,\r\n          \"offsety\": 0,\r\n          \"spaceabove\": 0,\r\n          \"spacebelow\": 2.5,\r\n          \"yvel\": 1,\r\n          \"push\": 0,\r\n          \"relid\": 5\r\n        },\r\n        {\r\n          \"type\": \"text\",\r\n          \"cont\": \"<p><a href=\\\"https:\/\/www.schoene-aussicht.org\/2021\/interner-bereich-arbeitstreffen\/\\\" data-type=\\\"page\\\" data-id=\\\"410\\\" data-title=\\\"Interner Bereich Arbeitstreffen\\\">Login f\u00fcr Mitglieder des Arbeitstreffens<\/a><\/p>\",\r\n          \"align\": \"bottom\",\r\n          \"row\": -1,\r\n          \"col\": 0,\r\n          \"colspan\": 4,\r\n          \"offsetx\": 0,\r\n          \"offsety\": 0,\r\n          \"spaceabove\": 0,\r\n          \"spacebelow\": 0,\r\n          \"yvel\": 1,\r\n          \"push\": 0,\r\n          \"relid\": 6,\r\n          \"classes\": \"buttonstyle\"\r\n        }\r\n      ],\r\n      \"align\": \"top\",\r\n      \"row\": 0,\r\n      \"col\": 0,\r\n      \"colspan\": 8,\r\n      \"offsetx\": 0,\r\n      \"offsety\": 0,\r\n      \"spaceabove\": 5,\r\n      \"spacebelow\": 5,\r\n      \"yvel\": 1,\r\n      \"push\": 0,\r\n      \"relid\": 7,\r\n      \"frameOverflow\": \"\"\r\n    },\r\n    {\r\n      \"type\": \"img\",\r\n      \"cont\": \"\/wp-content\/uploads\/2021\/05\/TVman-e1621525575486.png\",\r\n      \"align\": \"middle\",\r\n      \"row\": 0,\r\n      \"col\": 9,\r\n      \"colspan\": 3,\r\n      \"offsetx\": 0,\r\n      \"offsety\": 0,\r\n      \"spaceabove\": 0,\r\n      \"spacebelow\": 0,\r\n      \"yvel\": 1.2,\r\n      \"push\": 1,\r\n      \"relid\": 171,\r\n      \"attid\": 405,\r\n      \"sizes\": {\r\n        \"full\": \"\/wp-content\/uploads\/2021\/05\/TVman-e1621525575486.png\",\r\n        \"_1920\": \"\/wp-content\/uploads\/2021\/05\/TVman-1920x2880.png\",\r\n        \"_1280\": \"\/wp-content\/uploads\/2021\/05\/TVman-1280x1920.png\",\r\n        \"_1024\": \"\/wp-content\/uploads\/2021\/05\/TVman-1024x1536.png\",\r\n        \"_768\": \"\/wp-content\/uploads\/2021\/05\/TVman-768x1152.png\",\r\n        \"_512\": \"\/wp-content\/uploads\/2021\/05\/TVman-512x768.png\",\r\n        \"_265\": \"\/wp-content\/uploads\/2021\/05\/TVman-265x398.png\"\r\n      },\r\n      \"w\": 667,\r\n      \"h\": 1000,\r\n      \"ar\": 1.4992503748125936,\r\n      \"alt\": \"\",\r\n      \"frameOverflow\": \"\"\r\n    }\r\n  ]\r\n}","phonegrid":"{\r\n  \"colCount\": 12,\r\n  \"colGutter\": 1,\r\n  \"rowGutters\": [\r\n    \"0\",\r\n    \"0\",\r\n    \"0\"\r\n  ],\r\n  \"frameMargin\": 5,\r\n  \"topFrameMargin\": \"0\",\r\n  \"bottomFrameMargin\": \"0\",\r\n  \"rowAttrs\": [\r\n    {\r\n      \"bgcolor\": \"#fdf39a\"\r\n    },\r\n    {\r\n      \"bgcolor\": \"#fdf39a\"\r\n    },\r\n    {\r\n      \"bgcolor\": \"#fdf39a\"\r\n    },\r\n    {\r\n      \"bgcolor\": \"#fdf39a\"\r\n    }\r\n  ],\r\n  \"bgColor\": null,\r\n  \"cont\": [\r\n    {\r\n      \"type\": \"text\",\r\n      \"cont\": \"<h2 class=\\\"_Headline\\\"><strong><span style=\\\"font-size: 34px;\\\">Sch\u00f6ne Aussicht als Arbeitstreffen<\/span><\/strong><\/h2>\",\r\n      \"align\": \"bottom\",\r\n      \"row\": 0,\r\n      \"col\": 0,\r\n      \"colspan\": 12,\r\n      \"offsetx\": 0,\r\n      \"offsety\": 0,\r\n      \"spaceabove\": 5,\r\n      \"spacebelow\": 5,\r\n      \"yvel\": 1,\r\n      \"push\": 0,\r\n      \"relid\": 4\r\n    },\r\n    {\r\n      \"type\": \"text\",\r\n      \"cont\": \"<p>Sch\u00f6ne Aussicht ist nicht nur ein Festival, sondern auch ein Arbeitstreffen. Seit den 80er Jahren treffen sich die Kinder- und Jugendtheaterschaffenden der Region jedes Jahr, um neue Impulse zu erarbeiten, \u00fcber Entwicklungen ihrer Sparte zu diskutieren und in Workshops neue Arbeitsweisen auszuprobieren.<\/p><p>F\u00fcr die 2020 urspr\u00fcnglich geplante Ausgabe hatten die beiden Kurator*innen des Arbeitstreffens, Petra Fischer (freie Dramaturgin und Theaterp\u00e4dagogin) und Gerd Ritter (Schauspieler am JES) acht Inszenierungen ausgew\u00e4hlt, die w\u00e4hrend des Festivals pr\u00e4sentiert und in Arbeitsgespr\u00e4chen diskutiert werden sollten.<br \/>Nachdem aber das vergangene Jahr nicht nur von leeren S\u00e4len und einer gro\u00dfen Sehnsucht nach analoger Theaterkunst gepr\u00e4gt war, sondern auch von\u00a0 Versuchen der Theater, ob und wie der digitale Raum eine m\u00f6gliche Alternative ist, um Kindern und Jugendlichen kulturelle Teilhabe zu erm\u00f6glichen, haben wir uns entschieden, uns mit den Versuchen in diesem Feld auseinander zu setzen. Dazu geh\u00f6rt die gemeinsame Streaming-Plattform <span style=\\\"text-decoration: underline;\\\"><a rel=\\\"noopener\\\" href=\\\"http:\/\/theater-stream.de\\\" target=\\\"_blank\\\">theater-stream.de<\/a><\/span> mit abgefilmten Inszenierungen und eigens gedrehten Theaterfilmen ebenso wie interaktive Performances und digitale Spielclubs und Workshops.<\/p><p>\u00dcber die dabei gesammelten Erfahrungen werden sich die Ensembles aus dem Arbeitskreis der Kinder- und Jugendtheater Baden-W\u00fcrttemberg intern und intensiv austauschen. Auf den Reisebericht unserer Kurator*innen m\u00f6chten wir dennoch nicht verzichten, weil er allgemeing\u00fcltig ist. Mehr noch: Aus der Lockdown-Perspektive ist er eine Erinnerung an vergangene und eine Verhei\u00dfung auf kommende Theatererlebnisse inmitten voll besetzter Zuschauerr\u00e4ume. Ihr k\u00f6nnt ihn euch <a rel=\\\"noopener\\\" href=\\\"https:\/\/www.schoene-aussicht.org\/2021\/wp-content\/uploads\/2021\/05\/KuratorInnen-Reiseerlebnisse-2020.pdf\\\" target=\\\"_blank\\\"><span style=\\\"text-decoration: underline;\\\">hier<\/span> <\/a>herunterladen.\u00a0<\/p>\",\r\n      \"align\": \"bottom\",\r\n      \"row\": 1,\r\n      \"col\": 0,\r\n      \"colspan\": 12,\r\n      \"offsetx\": 0,\r\n      \"offsety\": 0,\r\n      \"spaceabove\": 0,\r\n      \"spacebelow\": 5,\r\n      \"yvel\": 1,\r\n      \"push\": 0,\r\n      \"relid\": 5\r\n    },\r\n    {\r\n      \"type\": \"text\",\r\n      \"cont\": \"<p><a href=\\\"https:\/\/www.schoene-aussicht.org\/2021\/interner-bereich-arbeitstreffen\/\\\" data-type=\\\"page\\\" data-id=\\\"410\\\" data-title=\\\"Interner Bereich Arbeitstreffen\\\">Login f\u00fcr Mitglieder des Arbeitstreffens<\/a><\/p>\",\r\n      \"align\": \"middle\",\r\n      \"row\": 2,\r\n      \"col\": 0,\r\n      \"colspan\": 12,\r\n      \"offsetx\": 0,\r\n      \"offsety\": 0,\r\n      \"spaceabove\": 0,\r\n      \"spacebelow\": 0,\r\n      \"yvel\": 1,\r\n      \"push\": 0,\r\n      \"relid\": 6,\r\n      \"classes\": \"buttonstyle\"\r\n    },\r\n    {\r\n      \"type\": \"img\",\r\n      \"cont\": \"\/wp-content\/uploads\/2021\/05\/TVman-e1621525575486.png\",\r\n      \"align\": \"middle\",\r\n      \"row\": 3,\r\n      \"col\": 6,\r\n      \"colspan\": 6,\r\n      \"offsetx\": 0,\r\n      \"offsety\": 0,\r\n      \"spaceabove\": 5,\r\n      \"spacebelow\": 5,\r\n      \"yvel\": 1.1,\r\n      \"push\": 6,\r\n      \"relid\": 171,\r\n      \"attid\": 405,\r\n      \"sizes\": {\r\n        \"full\": \"\/wp-content\/uploads\/2021\/05\/TVman-e1621525575486.png\",\r\n        \"_1920\": \"\/wp-content\/uploads\/2021\/05\/TVman-1920x2880.png\",\r\n        \"_1280\": \"\/wp-content\/uploads\/2021\/05\/TVman-1280x1920.png\",\r\n        \"_1024\": \"\/wp-content\/uploads\/2021\/05\/TVman-1024x1536.png\",\r\n        \"_768\": \"\/wp-content\/uploads\/2021\/05\/TVman-768x1152.png\",\r\n        \"_512\": \"\/wp-content\/uploads\/2021\/05\/TVman-512x768.png\",\r\n        \"_265\": \"\/wp-content\/uploads\/2021\/05\/TVman-265x398.png\"\r\n      },\r\n      \"w\": 667,\r\n      \"h\": 1000,\r\n      \"ar\": 1.4992503748125936,\r\n      \"alt\": \"\"\r\n    }\r\n  ]\r\n}","_links":{"self":[{"href":"https:\/\/www.schoene-aussicht.org\/2021\/wp-json\/wp\/v2\/pages\/15"}],"collection":[{"href":"https:\/\/www.schoene-aussicht.org\/2021\/wp-json\/wp\/v2\/pages"}],"about":[{"href":"https:\/\/www.schoene-aussicht.org\/2021\/wp-json\/wp\/v2\/types\/page"}],"author":[{"embeddable":true,"href":"https:\/\/www.schoene-aussicht.org\/2021\/wp-json\/wp\/v2\/users\/1"}],"replies":[{"embeddable":true,"href":"https:\/\/www.schoene-aussicht.org\/2021\/wp-json\/wp\/v2\/comments?post=15"}],"version-history":[{"count":0,"href":"https:\/\/www.schoene-aussicht.org\/2021\/wp-json\/wp\/v2\/pages\/15\/revisions"}],"wp:attachment":[{"href":"https:\/\/www.schoene-aussicht.org\/2021\/wp-json\/wp\/v2\/media?parent=15"}],"curies":[{"name":"wp","href":"https:\/\/api.w.org\/{rel}","templated":true}]}}